{"id":58,"date":"2024-04-15T12:15:10","date_gmt":"2024-04-15T12:15:10","guid":{"rendered":"https:\/\/fsfindsolution.com.br\/wordpress\/?page_id=58"},"modified":"2024-04-15T14:19:35","modified_gmt":"2024-04-15T14:19:35","slug":"sobre-nos","status":"publish","type":"page","link":"https:\/\/fsfindsolution.com.br\/wordpress\/index.php\/sobre-nos\/","title":{"rendered":"Sobre N\u00f3s"},"content":{"rendered":"\n<div style=\"height:31px\" aria-hidden=\"true\" class=\"wp-block-spacer\"><\/div>\n\n\n\n<div class=\"wp-block-group alignfull has-global-padding is-layout-constrained wp-container-core-group-is-layout-9597dc02 wp-block-group-is-layout-constrained\" style=\"padding-top:var(--wp--preset--spacing--10);padding-right:var(--wp--preset--spacing--10);padding-bottom:var(--wp--preset--spacing--10);padding-left:var(--wp--preset--spacing--10)\">\n<div class=\"wp-block-columns alignwide is-layout-flex wp-container-core-columns-is-layout-ff4b9c61 wp-block-columns-is-layout-flex\" style=\"margin-top:0;margin-bottom:0\">\n<div class=\"wp-block-column is-layout-flow wp-container-core-column-is-layout-8a368f38 wp-block-column-is-layout-flow\">\n<p class=\"has-custom-cor-1-color has-text-color has-link-color has-montserrat-font-family has-large-font-size wp-elements-22ff244db982137f11c2b928171e3d94\" style=\"font-style:normal;font-weight:600\">NOSSA MISS\u00c3O<\/p>\n\n\n\n<hr class=\"wp-block-separator has-text-color has-custom-cor-3-color has-alpha-channel-opacity has-custom-cor-3-background-color has-background is-style-wide\" style=\"margin-top:0;margin-bottom:0\"\/>\n\n\n\n<div style=\"height:40px\" aria-hidden=\"true\" class=\"wp-block-spacer\"><\/div>\n\n\n\n<p class=\"has-custom-cor-1-color has-text-color has-link-color has-montserrat-font-family has-small-font-size wp-elements-0b2e73f03b528a0e7b40f3b967847af1\">Nossa empresa tem como miss\u00e3o disponibilizar informa\u00e7\u00f5es importantes para os nossos clientes de maneira f\u00e1cil, \u00e1gil e de f\u00e1cil acesso. Fazendo com que nossos clientes possam tomar decis\u00f5es em qualquer lugar do mundo.<\/p>\n<\/div>\n\n\n\n<div class=\"wp-block-column is-layout-flow wp-container-core-column-is-layout-8a368f38 wp-block-column-is-layout-flow\">\n<p class=\"has-custom-cor-1-color has-text-color has-link-color has-montserrat-font-family has-large-font-size wp-elements-4a9ad7cd7ef646fdbbb4fe14fc8cdcb0\" style=\"font-style:normal;font-weight:600\">OBJETIVO<\/p>\n\n\n\n<hr class=\"wp-block-separator has-text-color has-custom-cor-3-color has-alpha-channel-opacity has-custom-cor-3-background-color has-background is-style-wide\"\/>\n\n\n\n<div style=\"height:40px\" aria-hidden=\"true\" class=\"wp-block-spacer\"><\/div>\n\n\n\n<p class=\"has-custom-cor-1-color has-text-color has-link-color has-montserrat-font-family has-small-font-size wp-elements-5e9141c7ec8506e3cb3fcbf474e31a2a\">Nosso objetivo \u00e9 tornar mais f\u00e1cil e pr\u00e1tico o acesso das informa\u00e7\u00f5es necess\u00e1rias para tomada de decis\u00e3o por gerentes e diretores de nossos clientes.<\/p>\n<\/div>\n\n\n\n<div class=\"wp-block-column is-layout-flow wp-container-core-column-is-layout-8736a895 wp-block-column-is-layout-flow\" style=\"padding-top:0\">\n<p class=\"has-custom-cor-1-color has-text-color has-link-color has-montserrat-font-family has-large-font-size wp-elements-05c97743e665e26e77dde9cdb3712565\" style=\"font-style:normal;font-weight:600\">COMO TRABALHAMOS<\/p>\n\n\n\n<hr class=\"wp-block-separator has-text-color has-custom-cor-3-color has-alpha-channel-opacity has-custom-cor-3-background-color has-background is-style-wide\"\/>\n\n\n\n<div style=\"height:40px\" aria-hidden=\"true\" class=\"wp-block-spacer\"><\/div>\n\n\n\n<p class=\"has-custom-cor-1-color has-text-color has-link-color has-montserrat-font-family has-small-font-size wp-elements-49c4a81bd62d2556b3b713b1c8c5fead\">Trabalhamos com profissionais qualificados e com conceitos novos de business intelligence, promovendo um melhor entendimento para o uso da ferramenta. Al\u00e9m disso, disponibilizamos e liberamos aquilo que de fato \u00e9 relevante e necess\u00e1rio para os nossos clientes.<\/p>\n<\/div>\n<\/div>\n<\/div>\n","protected":false},"excerpt":{"rendered":"<p>NOSSA MISS\u00c3O Nossa empresa tem como miss\u00e3o disponibilizar informa\u00e7\u00f5es importantes para os nossos clientes de maneira f\u00e1cil, \u00e1gil e de f\u00e1cil acesso. Fazendo com que nossos clientes possam tomar decis\u00f5es em qualquer lugar do mundo. OBJETIVO Nosso objetivo \u00e9 tornar mais f\u00e1cil e pr\u00e1tico o acesso das informa\u00e7\u00f5es necess\u00e1rias para tomada de decis\u00e3o por gerentes [&hellip;]<\/p>\n","protected":false},"author":1,"featured_media":0,"parent":0,"menu_order":1,"comment_status":"closed","ping_status":"closed","template":"","meta":{"footnotes":""},"class_list":["post-58","page","type-page","status-publish","hentry"],"_links":{"self":[{"href":"https:\/\/fsfindsolution.com.br\/wordpress\/index.php\/wp-json\/wp\/v2\/pages\/58","targetHints":{"allow":["GET"]}}],"collection":[{"href":"https:\/\/fsfindsolution.com.br\/wordpress\/index.php\/wp-json\/wp\/v2\/pages"}],"about":[{"href":"https:\/\/fsfindsolution.com.br\/wordpress\/index.php\/wp-json\/wp\/v2\/types\/page"}],"author":[{"embeddable":true,"href":"https:\/\/fsfindsolution.com.br\/wordpress\/index.php\/wp-json\/wp\/v2\/users\/1"}],"replies":[{"embeddable":true,"href":"https:\/\/fsfindsolution.com.br\/wordpress\/index.php\/wp-json\/wp\/v2\/comments?post=58"}],"version-history":[{"count":7,"href":"https:\/\/fsfindsolution.com.br\/wordpress\/index.php\/wp-json\/wp\/v2\/pages\/58\/revisions"}],"predecessor-version":[{"id":72,"href":"https:\/\/fsfindsolution.com.br\/wordpress\/index.php\/wp-json\/wp\/v2\/pages\/58\/revisions\/72"}],"wp:attachment":[{"href":"https:\/\/fsfindsolution.com.br\/wordpress\/index.php\/wp-json\/wp\/v2\/media?parent=58"}],"curies":[{"name":"wp","href":"https:\/\/api.w.org\/{rel}","templated":true}]}}